{"id":1595,"date":"2023-08-18T19:25:51","date_gmt":"2023-08-18T22:25:51","guid":{"rendered":"https:\/\/dreamlandsvacation.com\/?page_id=1595"},"modified":"2023-11-10T09:49:14","modified_gmt":"2023-11-10T12:49:14","slug":"quiero-mi-cotizacion","status":"publish","type":"page","link":"https:\/\/dreamlandsvacation.com\/en\/quiero-mi-cotizacion\/","title":{"rendered":"QUIERO MI COTIZACION"},"content":{"rendered":"<style>.elementor-widget-image .widget-image-caption{color:var( --e-global-color-text );font-family:var( --e-global-typography-text-font-family ), Sans-serif;font-weight:var( --e-global-typography-text-font-weight );}.elementor-1595 .elementor-element.elementor-element-052a915 > .elementor-widget-container{margin:-218px 0px 0px 0px;}.elementor-1595 .elementor-element.elementor-element-b3a0594 > .elementor-container > .elementor-column > .elementor-widget-wrap{align-content:center;align-items:center;}.elementor-1595 .elementor-element.elementor-element-b3a0594:not(.elementor-motion-effects-element-type-background), .elementor-1595 .elementor-element.elementor-element-b3a0594 > .elementor-motion-effects-container > .elementor-motion-effects-layer{background-color:#ADB3EF;}.elementor-1595 .elementor-element.elementor-element-b3a0594{transition:background 0.3s, border 0.3s, border-radius 0.3s, box-shadow 0.3s;margin-top:-10px;margin-bottom:-10px;padding:5px 5px 5px 5px;}.elementor-1595 .elementor-element.elementor-element-b3a0594 > .elementor-background-overlay{transition:background 0.3s, border-radius 0.3s, opacity 0.3s;}.elementor-bc-flex-widget .elementor-1595 .elementor-element.elementor-element-a449c55.elementor-column .elementor-widget-wrap{align-items:center;}.elementor-1595 .elementor-element.elementor-element-a449c55.elementor-column.elementor-element[data-element_type=\"column\"] > .elementor-widget-wrap.elementor-element-populated{align-content:center;align-items:center;}.elementor-1595 .elementor-element.elementor-element-a449c55.elementor-column > .elementor-widget-wrap{justify-content:center;}.elementor-widget-text-editor{font-family:var( --e-global-typography-text-font-family ), Sans-serif;font-weight:var( --e-global-typography-text-font-weight );color:var( --e-global-color-text );}.elementor-widget-text-editor.elementor-drop-cap-view-stacked .elementor-drop-cap{background-color:var( --e-global-color-primary );}.elementor-widget-text-editor.elementor-drop-cap-view-framed .elementor-drop-cap, .elementor-widget-text-editor.elementor-drop-cap-view-default .elementor-drop-cap{color:var( --e-global-color-primary );border-color:var( --e-global-color-primary );}.elementor-1595 .elementor-element.elementor-element-8e14bd3{width:100%;max-width:100%;align-self:center;font-family:\"Poppins\", Sans-serif;font-size:75px;font-weight:100;color:#FFFFFF;}.elementor-1595 .elementor-element.elementor-element-8e14bd3 > .elementor-widget-container{margin:0px 0px 0px 0px;padding:5px 5px 5px 5px;}.elementor-1595 .elementor-element.elementor-element-004efcd:not(.elementor-motion-effects-element-type-background), .elementor-1595 .elementor-element.elementor-element-004efcd > .elementor-motion-effects-container > .elementor-motion-effects-layer{background-color:#323233;}.elementor-1595 .elementor-element.elementor-element-004efcd{transition:background 0.3s, border 0.3s, border-radius 0.3s, box-shadow 0.3s;}.elementor-1595 .elementor-element.elementor-element-004efcd > .elementor-background-overlay{transition:background 0.3s, border-radius 0.3s, opacity 0.3s;}.elementor-1595 .elementor-element.elementor-element-f55d065{font-family:\"Montserrat\", Sans-serif;font-size:20px;font-weight:300;color:#FFFFFF;}.elementor-1595 .elementor-element.elementor-element-7ce7a0bd:not(.elementor-motion-effects-element-type-background), .elementor-1595 .elementor-element.elementor-element-7ce7a0bd > .elementor-motion-effects-container > .elementor-motion-effects-layer{background-color:#323233;}.elementor-1595 .elementor-element.elementor-element-7ce7a0bd{transition:background 0.3s, border 0.3s, border-radius 0.3s, box-shadow 0.3s;padding:15px 15px 50px 15px;}.elementor-1595 .elementor-element.elementor-element-7ce7a0bd > .elementor-background-overlay{transition:background 0.3s, border-radius 0.3s, opacity 0.3s;}.elementor-1595 .elementor-element.elementor-element-aa46b1b{font-family:\"Montserrat\", Sans-serif;font-size:18px;font-weight:600;color:#FFFFFF;}<\/style>\t\t<div data-elementor-type=\"wp-page\" data-elementor-id=\"1595\" class=\"elementor elementor-1595\">\n\t\t\t\t\t\t<section class=\"elementor-section elementor-top-section elementor-element elementor-element-c2bf82b elementor-section-full_width elementor-section-height-default elementor-section-height-default\" data-id=\"c2bf82b\" data-element_type=\"section\" data-settings=\"{&quot;wdt_bg_image&quot;:{&quot;url&quot;:&quot;&quot;,&quot;id&quot;:&quot;&quot;,&quot;size&quot;:&quot;&quot;},&quot;wdt_bg_image_laptop&quot;:{&quot;url&quot;:&quot;&quot;,&quot;id&quot;:&quot;&quot;,&quot;size&quot;:&quot;&quot;},&quot;wdt_bg_image_tablet_extra&quot;:{&quot;url&quot;:&quot;&quot;,&quot;id&quot;:&quot;&quot;,&quot;size&quot;:&quot;&quot;},&quot;wdt_bg_image_tablet&quot;:{&quot;url&quot;:&quot;&quot;,&quot;id&quot;:&quot;&quot;,&quot;size&quot;:&quot;&quot;},&quot;wdt_bg_image_mobile_extra&quot;:{&quot;url&quot;:&quot;&quot;,&quot;id&quot;:&quot;&quot;,&quot;size&quot;:&quot;&quot;},&quot;wdt_bg_image_mobile&quot;:{&quot;url&quot;:&quot;&quot;,&quot;id&quot;:&quot;&quot;,&quot;size&quot;:&quot;&quot;},&quot;wdt_bg_position&quot;:&quot;center center&quot;,&quot;wdt_animation_effect&quot;:&quot;none&quot;}\">\n\t\t\t\t\t\t<div class=\"elementor-container elementor-column-gap-default\">\n\t\t\t\t\t<div class=\"elementor-column elementor-col-100 elementor-top-column elementor-element elementor-element-6ac9d16\" data-id=\"6ac9d16\" data-element_type=\"column\">\n\t\t\t<div class=\"elementor-widget-wrap elementor-element-populated\">\n\t\t\t\t\t\t<div class=\"elementor-element elementor-element-052a915 elementor-widget elementor-widget-image\" data-id=\"052a915\" data-element_type=\"widget\" data-settings=\"{&quot;wdt_animation_effect&quot;:&quot;none&quot;}\" data-widget_type=\"image.default\">\n\t\t\t\t<div class=\"elementor-widget-container\">\n\t\t\t\t\t\t\t\t\t\t\t\t\t\t\t<img fetchpriority=\"high\" decoding=\"async\" width=\"1920\" height=\"720\" src=\"https:\/\/dreamlandsvacation.com\/wp-content\/uploads\/2023\/09\/banban1.jpg\" class=\"attachment-full size-full wp-image-2290\" alt=\"\" srcset=\"https:\/\/dreamlandsvacation.com\/wp-content\/uploads\/2023\/09\/banban1.jpg 1920w, https:\/\/dreamlandsvacation.com\/wp-content\/uploads\/2023\/09\/banban1-300x113.jpg 300w, https:\/\/dreamlandsvacation.com\/wp-content\/uploads\/2023\/09\/banban1-1024x384.jpg 1024w, https:\/\/dreamlandsvacation.com\/wp-content\/uploads\/2023\/09\/banban1-768x288.jpg 768w, https:\/\/dreamlandsvacation.com\/wp-content\/uploads\/2023\/09\/banban1-1536x576.jpg 1536w, https:\/\/dreamlandsvacation.com\/wp-content\/uploads\/2023\/09\/banban1-18x7.jpg 18w, https:\/\/dreamlandsvacation.com\/wp-content\/uploads\/2023\/09\/banban1-1000x375.jpg 1000w\" sizes=\"(max-width: 1920px) 100vw, 1920px\" \/>\t\t\t\t\t\t\t\t\t\t\t\t\t\t\t<\/div>\n\t\t\t\t<\/div>\n\t\t\t\t\t<\/div>\n\t\t<\/div>\n\t\t\t\t\t<\/div>\n\t\t<\/section>\n\t\t\t\t<section class=\"elementor-section elementor-top-section elementor-element elementor-element-b3a0594 elementor-section-full_width elementor-section-content-middle elementor-section-height-default elementor-section-height-default\" data-id=\"b3a0594\" data-element_type=\"section\" data-settings=\"{&quot;background_background&quot;:&quot;classic&quot;,&quot;wdt_bg_image&quot;:{&quot;url&quot;:&quot;&quot;,&quot;id&quot;:&quot;&quot;,&quot;size&quot;:&quot;&quot;},&quot;wdt_bg_image_laptop&quot;:{&quot;url&quot;:&quot;&quot;,&quot;id&quot;:&quot;&quot;,&quot;size&quot;:&quot;&quot;},&quot;wdt_bg_image_tablet_extra&quot;:{&quot;url&quot;:&quot;&quot;,&quot;id&quot;:&quot;&quot;,&quot;size&quot;:&quot;&quot;},&quot;wdt_bg_image_tablet&quot;:{&quot;url&quot;:&quot;&quot;,&quot;id&quot;:&quot;&quot;,&quot;size&quot;:&quot;&quot;},&quot;wdt_bg_image_mobile_extra&quot;:{&quot;url&quot;:&quot;&quot;,&quot;id&quot;:&quot;&quot;,&quot;size&quot;:&quot;&quot;},&quot;wdt_bg_image_mobile&quot;:{&quot;url&quot;:&quot;&quot;,&quot;id&quot;:&quot;&quot;,&quot;size&quot;:&quot;&quot;},&quot;wdt_bg_position&quot;:&quot;center center&quot;,&quot;wdt_animation_effect&quot;:&quot;none&quot;}\">\n\t\t\t\t\t\t<div class=\"elementor-container elementor-column-gap-default\">\n\t\t\t\t\t<div class=\"elementor-column elementor-col-100 elementor-top-column elementor-element elementor-element-a449c55\" data-id=\"a449c55\" data-element_type=\"column\">\n\t\t\t<div class=\"elementor-widget-wrap elementor-element-populated\">\n\t\t\t\t\t\t<div class=\"elementor-element elementor-element-8e14bd3 elementor-widget__width-inherit elementor-invisible elementor-widget elementor-widget-text-editor\" data-id=\"8e14bd3\" data-element_type=\"widget\" data-settings=\"{&quot;_animation&quot;:&quot;fadeInRight&quot;,&quot;wdt_animation_effect&quot;:&quot;none&quot;}\" data-widget_type=\"text-editor.default\">\n\t\t\t\t<div class=\"elementor-widget-container\">\n\t\t\t\t\t\t\t\t\t<p style=\"text-align: center;\"><span style=\"font-family: one-crayon;\">\u00a1Quiero mi cotizacion!<\/span><\/p>\t\t\t\t\t\t\t\t<\/div>\n\t\t\t\t<\/div>\n\t\t\t\t\t<\/div>\n\t\t<\/div>\n\t\t\t\t\t<\/div>\n\t\t<\/section>\n\t\t\t\t<section class=\"elementor-section elementor-top-section elementor-element elementor-element-004efcd elementor-section-boxed elementor-section-height-default elementor-section-height-default\" data-id=\"004efcd\" data-element_type=\"section\" data-settings=\"{&quot;background_background&quot;:&quot;classic&quot;,&quot;wdt_bg_image&quot;:{&quot;url&quot;:&quot;&quot;,&quot;id&quot;:&quot;&quot;,&quot;size&quot;:&quot;&quot;},&quot;wdt_bg_image_laptop&quot;:{&quot;url&quot;:&quot;&quot;,&quot;id&quot;:&quot;&quot;,&quot;size&quot;:&quot;&quot;},&quot;wdt_bg_image_tablet_extra&quot;:{&quot;url&quot;:&quot;&quot;,&quot;id&quot;:&quot;&quot;,&quot;size&quot;:&quot;&quot;},&quot;wdt_bg_image_tablet&quot;:{&quot;url&quot;:&quot;&quot;,&quot;id&quot;:&quot;&quot;,&quot;size&quot;:&quot;&quot;},&quot;wdt_bg_image_mobile_extra&quot;:{&quot;url&quot;:&quot;&quot;,&quot;id&quot;:&quot;&quot;,&quot;size&quot;:&quot;&quot;},&quot;wdt_bg_image_mobile&quot;:{&quot;url&quot;:&quot;&quot;,&quot;id&quot;:&quot;&quot;,&quot;size&quot;:&quot;&quot;},&quot;wdt_bg_position&quot;:&quot;center center&quot;,&quot;wdt_animation_effect&quot;:&quot;none&quot;}\">\n\t\t\t\t\t\t<div class=\"elementor-container elementor-column-gap-default\">\n\t\t\t\t\t<div class=\"elementor-column elementor-col-100 elementor-top-column elementor-element elementor-element-44842d3\" data-id=\"44842d3\" data-element_type=\"column\">\n\t\t\t<div class=\"elementor-widget-wrap elementor-element-populated\">\n\t\t\t\t\t\t<div class=\"elementor-element elementor-element-f55d065 elementor-invisible elementor-widget elementor-widget-text-editor\" data-id=\"f55d065\" data-element_type=\"widget\" data-settings=\"{&quot;_animation&quot;:&quot;fadeInLeft&quot;,&quot;wdt_animation_effect&quot;:&quot;none&quot;}\" data-widget_type=\"text-editor.default\">\n\t\t\t\t<div class=\"elementor-widget-container\">\n\t\t\t\t\t\t\t\t\t<p style=\"text-align: center;\"><span style=\"font-family: Georgia, Palatino;\">Completa el formulario y un agente especializado se contactar\u00e1 para planificar tus vacaciones.<\/span><\/p>\t\t\t\t\t\t\t\t<\/div>\n\t\t\t\t<\/div>\n\t\t\t\t\t<\/div>\n\t\t<\/div>\n\t\t\t\t\t<\/div>\n\t\t<\/section>\n\t\t\t\t<section class=\"elementor-section elementor-top-section elementor-element elementor-element-7ce7a0bd elementor-section-boxed elementor-section-height-default elementor-section-height-default\" data-id=\"7ce7a0bd\" data-element_type=\"section\" data-settings=\"{&quot;background_background&quot;:&quot;classic&quot;,&quot;wdt_bg_image&quot;:{&quot;url&quot;:&quot;&quot;,&quot;id&quot;:&quot;&quot;,&quot;size&quot;:&quot;&quot;},&quot;wdt_bg_image_laptop&quot;:{&quot;url&quot;:&quot;&quot;,&quot;id&quot;:&quot;&quot;,&quot;size&quot;:&quot;&quot;},&quot;wdt_bg_image_tablet_extra&quot;:{&quot;url&quot;:&quot;&quot;,&quot;id&quot;:&quot;&quot;,&quot;size&quot;:&quot;&quot;},&quot;wdt_bg_image_tablet&quot;:{&quot;url&quot;:&quot;&quot;,&quot;id&quot;:&quot;&quot;,&quot;size&quot;:&quot;&quot;},&quot;wdt_bg_image_mobile_extra&quot;:{&quot;url&quot;:&quot;&quot;,&quot;id&quot;:&quot;&quot;,&quot;size&quot;:&quot;&quot;},&quot;wdt_bg_image_mobile&quot;:{&quot;url&quot;:&quot;&quot;,&quot;id&quot;:&quot;&quot;,&quot;size&quot;:&quot;&quot;},&quot;wdt_bg_position&quot;:&quot;center center&quot;,&quot;wdt_animation_effect&quot;:&quot;none&quot;}\">\n\t\t\t\t\t\t<div class=\"elementor-container elementor-column-gap-default\">\n\t\t\t\t\t<div class=\"elementor-column elementor-col-100 elementor-top-column elementor-element elementor-element-72ee94e6 elementor-invisible\" data-id=\"72ee94e6\" data-element_type=\"column\" data-settings=\"{&quot;animation&quot;:&quot;fadeInUp&quot;}\">\n\t\t\t<div class=\"elementor-widget-wrap elementor-element-populated\">\n\t\t\t\t\t\t<div class=\"elementor-element elementor-element-aa46b1b elementor-widget elementor-widget-text-editor\" data-id=\"aa46b1b\" data-element_type=\"widget\" data-settings=\"{&quot;wdt_animation_effect&quot;:&quot;none&quot;}\" data-widget_type=\"text-editor.default\">\n\t\t\t\t<div class=\"elementor-widget-container\">\n\t\t\t\t\t\t\t\t\t\n<div class=\"wp-block-contact-form-7-contact-form-selector\">\n<div class=\"wpcf7 no-js\" id=\"wpcf7-f1602-o1\" lang=\"es-AR\" dir=\"ltr\" data-wpcf7-id=\"1602\">\n<div class=\"screen-reader-response\"><p role=\"status\" aria-live=\"polite\" aria-atomic=\"true\"><\/p> <ul><\/ul><\/div>\n<form action=\"\/en\/wp-json\/wp\/v2\/pages\/1595#wpcf7-f1602-o1\" method=\"post\" class=\"wpcf7-form init\" aria-label=\"Formulario de contacto\" novalidate=\"novalidate\" data-status=\"init\" data-trp-original-action=\"\/en\/wp-json\/wp\/v2\/pages\/1595#wpcf7-f1602-o1\">\n<fieldset class=\"hidden-fields-container\"><input type=\"hidden\" name=\"_wpcf7\" value=\"1602\" \/><input type=\"hidden\" name=\"_wpcf7_version\" value=\"6.1.4\" \/><input type=\"hidden\" name=\"_wpcf7_locale\" value=\"es_AR\" \/><input type=\"hidden\" name=\"_wpcf7_unit_tag\" value=\"wpcf7-f1602-o1\" \/><input type=\"hidden\" name=\"_wpcf7_container_post\" value=\"0\" \/><input type=\"hidden\" name=\"_wpcf7_posted_data_hash\" value=\"\" \/>\n<\/fieldset>\n<p><label> Tu nombre<br \/>\n<span class=\"wpcf7-form-control-wrap\" data-name=\"your-name\"><input size=\"40\" maxlength=\"400\" class=\"wpcf7-form-control wpcf7-text wpcf7-validates-as-required\" autocomplete=\"name\" aria-required=\"true\" aria-invalid=\"false\" value=\"\" type=\"text\" name=\"your-name\" \/><\/span> <\/label>\n<\/p>\n<p><label> Tu apellido<br \/>\n<span class=\"wpcf7-form-control-wrap\" data-name=\"text-369\"><input size=\"40\" maxlength=\"400\" class=\"wpcf7-form-control wpcf7-text wpcf7-validates-as-required\" aria-required=\"true\" aria-invalid=\"false\" value=\"\" type=\"text\" name=\"text-369\" \/><\/span> <\/label>\n<\/p>\n<p><label> Tu n\u00famero de tel\u00e9fono (Agregar prefijo de tu pa\u00eds)<br \/>\n<span class=\"wpcf7-form-control-wrap\" data-name=\"text-368\"><input size=\"40\" maxlength=\"400\" class=\"wpcf7-form-control wpcf7-text wpcf7-validates-as-required\" aria-required=\"true\" aria-invalid=\"false\" value=\"\" type=\"text\" name=\"text-368\" \/><\/span> <\/label>\n<\/p>\n<p><label> Tu correo electr\u00f3nico<br \/>\n<span class=\"wpcf7-form-control-wrap\" data-name=\"your-email\"><input size=\"40\" maxlength=\"400\" class=\"wpcf7-form-control wpcf7-email wpcf7-validates-as-required wpcf7-text wpcf7-validates-as-email\" autocomplete=\"email\" aria-required=\"true\" aria-invalid=\"false\" value=\"\" type=\"email\" name=\"your-email\" \/><\/span> <\/label>\n<\/p>\n<p><label> \u00bfFecha del viaje?<br \/>\n<span class=\"wpcf7-form-control-wrap\" data-name=\"date-767\"><input class=\"wpcf7-form-control wpcf7-date wpcf7-validates-as-required wpcf7-validates-as-date\" aria-required=\"true\" aria-invalid=\"false\" value=\"\" type=\"date\" name=\"date-767\" \/><\/span> <\/label>\n<\/p>\n<p><label> \u00bfCu\u00e1ntas noches te vas?<br \/>\n<span class=\"wpcf7-form-control-wrap\" data-name=\"text-367\"><input size=\"40\" maxlength=\"400\" class=\"wpcf7-form-control wpcf7-text wpcf7-validates-as-required\" aria-required=\"true\" aria-invalid=\"false\" value=\"\" type=\"text\" name=\"text-367\" \/><\/span> <\/label>\n<\/p>\n<p><label> \u00bfCu\u00e1ntos mayores de 18 a\u00f1os viajan?<br \/>\n<span class=\"wpcf7-form-control-wrap\" data-name=\"menu-66\"><select class=\"wpcf7-form-control wpcf7-select wpcf7-validates-as-required\" aria-required=\"true\" aria-invalid=\"false\" name=\"menu-66\"><option value=\"\">&#8212;Por favor, eleg\u00ed una opci\u00f3n&#8212;<\/option><option value=\"0\">0<\/option><option value=\"1\">1<\/option><option value=\"2\">2<\/option><option value=\"3\">3<\/option><option value=\"4\">4<\/option><option value=\"5\">5<\/option><option value=\"M\u00e1s de 5.\">M\u00e1s de 5.<\/option><\/select><\/span> <\/label>\n<\/p>\n<p><label> \u00bfCu\u00e1ntos menores de 18 a\u00f1os viajan?<br \/>\n<span class=\"wpcf7-form-control-wrap\" data-name=\"menu-67\"><select class=\"wpcf7-form-control wpcf7-select wpcf7-validates-as-required\" aria-required=\"true\" aria-invalid=\"false\" name=\"menu-67\"><option value=\"\">&#8212;Por favor, eleg\u00ed una opci\u00f3n&#8212;<\/option><option value=\"0\">0<\/option><option value=\"1\">1<\/option><option value=\"2\">2<\/option><option value=\"3\">3<\/option><option value=\"4\">4<\/option><option value=\"5\">5<\/option><option value=\"M\u00e1s de 5.\">M\u00e1s de 5.<\/option><\/select><\/span> <\/label>\n<\/p>\n<p><label> \u00bfQu\u00e9 edad tienen los menores que viajan? (Solo si viajan menores)<br \/>\n<span class=\"wpcf7-form-control-wrap\" data-name=\"text-370\"><input size=\"40\" maxlength=\"400\" class=\"wpcf7-form-control wpcf7-text\" aria-invalid=\"false\" value=\"\" type=\"text\" name=\"text-370\" \/><\/span> <\/label>\n<\/p>\n<p><label> Destino principal<br \/>\n<span class=\"wpcf7-form-control-wrap\" data-name=\"menu-80\"><select class=\"wpcf7-form-control wpcf7-select wpcf7-validates-as-required\" aria-required=\"true\" aria-invalid=\"false\" name=\"menu-80\"><option value=\"\">&#8212;Por favor, eleg\u00ed una opci\u00f3n&#8212;<\/option><option value=\"DISNEY\">DISNEY<\/option><option value=\"UNIVERSAL\">UNIVERSAL<\/option><option value=\"DISNEY Y UNIVERSAL\">DISNEY Y UNIVERSAL<\/option><option value=\"DISNEYLAND ANAHEIM\">DISNEYLAND ANAHEIM<\/option><option value=\"DISNEYLAND PARIS\">DISNEYLAND PARIS<\/option><option value=\"OTROS DESTINOS\">OTROS DESTINOS<\/option><\/select><\/span> <\/label>\n<\/p>\n<p><label> Tu mensaje (opcional)<br \/>\n<span class=\"wpcf7-form-control-wrap\" data-name=\"your-message\"><textarea cols=\"40\" rows=\"10\" maxlength=\"2000\" class=\"wpcf7-form-control wpcf7-textarea\" aria-invalid=\"false\" name=\"your-message\"><\/textarea><\/span> <\/label>\n<\/p>\n<p><input class=\"wpcf7-form-control wpcf7-submit has-spinner\" type=\"submit\" value=\"Solicitar cotizaci\u00f3n\" \/>\n<\/p><div class=\"wpcf7-response-output\" aria-hidden=\"true\"><\/div>\n<input type=\"hidden\" name=\"trp-form-language\" value=\"en\"\/><\/form>\n<\/div>\n<\/div>\n\t\t\t\t\t\t\t\t<\/div>\n\t\t\t\t<\/div>\n\t\t\t\t\t<\/div>\n\t\t<\/div>\n\t\t\t\t\t<\/div>\n\t\t<\/section>\n\t\t\t\t<\/div>","protected":false},"excerpt":{"rendered":"<p>\u00a1Quiero mi cotizacion! Completa el formulario y un agente especializado se contactar\u00e1 para planificar tus vacaciones.<\/p>","protected":false},"author":1,"featured_media":0,"parent":0,"menu_order":0,"comment_status":"closed","ping_status":"closed","template":"elementor_header_footer","meta":{"footnotes":""},"class_list":["post-1595","page","type-page","status-publish","hentry"],"_links":{"self":[{"href":"https:\/\/dreamlandsvacation.com\/en\/wp-json\/wp\/v2\/pages\/1595","targetHints":{"allow":["GET"]}}],"collection":[{"href":"https:\/\/dreamlandsvacation.com\/en\/wp-json\/wp\/v2\/pages"}],"about":[{"href":"https:\/\/dreamlandsvacation.com\/en\/wp-json\/wp\/v2\/types\/page"}],"author":[{"embeddable":true,"href":"https:\/\/dreamlandsvacation.com\/en\/wp-json\/wp\/v2\/users\/1"}],"replies":[{"embeddable":true,"href":"https:\/\/dreamlandsvacation.com\/en\/wp-json\/wp\/v2\/comments?post=1595"}],"version-history":[{"count":17,"href":"https:\/\/dreamlandsvacation.com\/en\/wp-json\/wp\/v2\/pages\/1595\/revisions"}],"predecessor-version":[{"id":3445,"href":"https:\/\/dreamlandsvacation.com\/en\/wp-json\/wp\/v2\/pages\/1595\/revisions\/3445"}],"wp:attachment":[{"href":"https:\/\/dreamlandsvacation.com\/en\/wp-json\/wp\/v2\/media?parent=1595"}],"curies":[{"name":"wp","href":"https:\/\/api.w.org\/{rel}","templated":true}]}}