{"id":4126,"date":"2024-05-07T13:05:16","date_gmt":"2024-05-07T16:05:16","guid":{"rendered":"https:\/\/dreamlandsvacation.com\/?page_id=4126"},"modified":"2024-05-07T13:14:10","modified_gmt":"2024-05-07T16:14:10","slug":"tarifas-2024","status":"publish","type":"page","link":"https:\/\/dreamlandsvacation.com\/en\/tarifas-2024\/","title":{"rendered":"TARIFAS 2024"},"content":{"rendered":"<style>.elementor-4126 .elementor-element.elementor-element-9b34c99 > .elementor-container{min-height:0px;}.elementor-widget-image .widget-image-caption{color:var( --e-global-color-text );font-family:var( --e-global-typography-text-font-family ), Sans-serif;font-weight:var( --e-global-typography-text-font-weight );}.elementor-4126 .elementor-element.elementor-element-459da02 > .elementor-widget-container{margin:-217px 0px 0px 0px;}.elementor-4126 .elementor-element.elementor-element-459da02{text-align:center;}.elementor-4126 .elementor-element.elementor-element-df0cfbe > .elementor-container > .elementor-column > .elementor-widget-wrap{align-content:center;align-items:center;}.elementor-4126 .elementor-element.elementor-element-df0cfbe:not(.elementor-motion-effects-element-type-background), .elementor-4126 .elementor-element.elementor-element-df0cfbe > .elementor-motion-effects-container > .elementor-motion-effects-layer{background-color:#323233;}.elementor-4126 .elementor-element.elementor-element-df0cfbe{transition:background 0.3s, border 0.3s, border-radius 0.3s, box-shadow 0.3s;margin-top:0px;margin-bottom:0px;padding:5px 5px 5px 5px;}.elementor-4126 .elementor-element.elementor-element-df0cfbe > .elementor-background-overlay{transition:background 0.3s, border-radius 0.3s, opacity 0.3s;}.elementor-bc-flex-widget .elementor-4126 .elementor-element.elementor-element-7a0bd99.elementor-column .elementor-widget-wrap{align-items:center;}.elementor-4126 .elementor-element.elementor-element-7a0bd99.elementor-column.elementor-element[data-element_type=\"column\"] > .elementor-widget-wrap.elementor-element-populated{align-content:center;align-items:center;}.elementor-4126 .elementor-element.elementor-element-7a0bd99.elementor-column > .elementor-widget-wrap{justify-content:center;}.elementor-widget-text-editor{font-family:var( --e-global-typography-text-font-family ), Sans-serif;font-weight:var( --e-global-typography-text-font-weight );color:var( --e-global-color-text );}.elementor-widget-text-editor.elementor-drop-cap-view-stacked .elementor-drop-cap{background-color:var( --e-global-color-primary );}.elementor-widget-text-editor.elementor-drop-cap-view-framed .elementor-drop-cap, .elementor-widget-text-editor.elementor-drop-cap-view-default .elementor-drop-cap{color:var( --e-global-color-primary );border-color:var( --e-global-color-primary );}.elementor-4126 .elementor-element.elementor-element-677a078{width:100%;max-width:100%;align-self:center;font-family:\"Poppins\", Sans-serif;font-size:75px;font-weight:100;color:#FFFFFF;}.elementor-4126 .elementor-element.elementor-element-677a078 > .elementor-widget-container{margin:0px 0px 0px 0px;padding:5px 5px 5px 5px;}.elementor-4126 .elementor-element.elementor-element-88e62b3:not(.elementor-motion-effects-element-type-background), .elementor-4126 .elementor-element.elementor-element-88e62b3 > .elementor-motion-effects-container > .elementor-motion-effects-layer{background-color:#ADB3EF;}.elementor-4126 .elementor-element.elementor-element-88e62b3{transition:background 0.3s, border 0.3s, border-radius 0.3s, box-shadow 0.3s;margin-top:-9px;margin-bottom:0px;padding:20px 20px 20px 20px;}.elementor-4126 .elementor-element.elementor-element-88e62b3 > .elementor-background-overlay{transition:background 0.3s, border-radius 0.3s, opacity 0.3s;}.elementor-4126 .elementor-element.elementor-element-a31edbe{font-family:\"Montserrat\", Sans-serif;font-size:20px;font-weight:500;color:#FFFFFF;}.elementor-4126 .elementor-element.elementor-element-22080cf{margin-top:-10px;margin-bottom:0px;}.elementor-4126 .elementor-element.elementor-element-ff6f764:not(.elementor-motion-effects-element-type-background), .elementor-4126 .elementor-element.elementor-element-ff6f764 > .elementor-motion-effects-container > .elementor-motion-effects-layer{background-color:#323233;}.elementor-4126 .elementor-element.elementor-element-ff6f764{transition:background 0.3s, border 0.3s, border-radius 0.3s, box-shadow 0.3s;margin-top:-9px;margin-bottom:0px;padding:15px 20px 20px 20px;}.elementor-4126 .elementor-element.elementor-element-ff6f764 > .elementor-background-overlay{transition:background 0.3s, border-radius 0.3s, opacity 0.3s;}.elementor-4126 .elementor-element.elementor-element-1e2a2b5{column-gap:0px;text-align:center;font-family:\"Montserrat\", Sans-serif;font-size:20px;font-weight:600;color:#FFFFFF;}.elementor-4126 .elementor-element.elementor-element-4d33dd7:not(.elementor-motion-effects-element-type-background), .elementor-4126 .elementor-element.elementor-element-4d33dd7 > .elementor-motion-effects-container > .elementor-motion-effects-layer{background-color:#ADB3EF;}.elementor-4126 .elementor-element.elementor-element-4d33dd7{transition:background 0.3s, border 0.3s, border-radius 0.3s, box-shadow 0.3s;margin-top:-9px;margin-bottom:0px;padding:20px 20px 20px 20px;}.elementor-4126 .elementor-element.elementor-element-4d33dd7 > .elementor-background-overlay{transition:background 0.3s, border-radius 0.3s, opacity 0.3s;}.elementor-4126 .elementor-element.elementor-element-4597c03{font-family:\"Montserrat\", Sans-serif;font-size:20px;font-weight:500;color:#FFFFFF;}.elementor-4126 .elementor-element.elementor-element-4a8e2d0:not(.elementor-motion-effects-element-type-background), .elementor-4126 .elementor-element.elementor-element-4a8e2d0 > .elementor-motion-effects-container > .elementor-motion-effects-layer{background-color:#323233;}.elementor-4126 .elementor-element.elementor-element-4a8e2d0{transition:background 0.3s, border 0.3s, border-radius 0.3s, box-shadow 0.3s;padding:0px 0px 13px 0px;}.elementor-4126 .elementor-element.elementor-element-4a8e2d0 > .elementor-background-overlay{transition:background 0.3s, border-radius 0.3s, opacity 0.3s;}.elementor-widget-button .elementor-button{background-color:var( --e-global-color-accent );font-family:var( --e-global-typography-accent-font-family ), Sans-serif;font-weight:var( --e-global-typography-accent-font-weight );}.elementor-4126 .elementor-element.elementor-element-38f2e84 .elementor-button{background-color:#ADB3EF;font-family:\"Montserrat\", Sans-serif;font-weight:700;}.elementor-4126 .elementor-element.elementor-element-38f2e84 .elementor-button:hover, .elementor-4126 .elementor-element.elementor-element-38f2e84 .elementor-button:focus{background-color:#FFFFFF;color:#ADB3EF;}.elementor-4126 .elementor-element.elementor-element-38f2e84 .elementor-button:hover svg, .elementor-4126 .elementor-element.elementor-element-38f2e84 .elementor-button:focus svg{fill:#ADB3EF;}@media(min-width:481px){.elementor-4126 .elementor-element.elementor-element-bfb9db9{width:100%;}}@media(max-width:1540px){.elementor-4126 .elementor-element.elementor-element-9b34c99 > .elementor-container{min-height:0px;}.elementor-4126 .elementor-element.elementor-element-9b34c99{margin-top:-71px;margin-bottom:0px;}}@media(max-width:1280px){.elementor-4126 .elementor-element.elementor-element-9b34c99{margin-top:-95px;margin-bottom:0px;}}@media(max-width:1024px){.elementor-4126 .elementor-element.elementor-element-9b34c99{margin-top:-109px;margin-bottom:0px;}.elementor-4126 .elementor-element.elementor-element-677a078{font-size:60px;}}@media(max-width:767px){.elementor-4126 .elementor-element.elementor-element-9b34c99{margin-top:-126px;margin-bottom:0px;padding:0px 0px 0px 0px;}.elementor-4126 .elementor-element.elementor-element-459da02 img{width:646px;max-width:1920px;}.elementor-4126 .elementor-element.elementor-element-df0cfbe{margin-top:-13px;margin-bottom:0px;}.elementor-4126 .elementor-element.elementor-element-677a078{font-size:40px;}}@media(max-width:480px){.elementor-4126 .elementor-element.elementor-element-9b34c99 > .elementor-container{min-height:0px;}.elementor-4126 .elementor-element.elementor-element-9b34c99{margin-top:-166px;margin-bottom:0px;}.elementor-4126 .elementor-element.elementor-element-459da02 > .elementor-widget-container{margin:-100px 0px 0px 0px;padding:0px 0px 0px 0px;}.elementor-4126 .elementor-element.elementor-element-459da02 img{width:120%;max-width:1920%;height:179px;}.elementor-4126 .elementor-element.elementor-element-df0cfbe{padding:15px 0px 15px 0px;}.elementor-4126 .elementor-element.elementor-element-677a078{font-size:30px;}.elementor-4126 .elementor-element.elementor-element-a31edbe{font-size:13px;}.elementor-4126 .elementor-element.elementor-element-1e2a2b5{font-size:13px;}.elementor-4126 .elementor-element.elementor-element-4597c03{font-size:13px;}}<\/style>\t\t<div data-elementor-type=\"wp-page\" data-elementor-id=\"4126\" class=\"elementor elementor-4126\">\n\t\t\t\t\t\t<section class=\"elementor-section elementor-top-section elementor-element elementor-element-9b34c99 elementor-section-full_width elementor-section-height-min-height elementor-section-height-default elementor-section-items-middle\" data-id=\"9b34c99\" data-element_type=\"section\" data-settings=\"{&quot;wdt_bg_image&quot;:{&quot;url&quot;:&quot;&quot;,&quot;id&quot;:&quot;&quot;,&quot;size&quot;:&quot;&quot;},&quot;wdt_bg_image_laptop&quot;:{&quot;url&quot;:&quot;&quot;,&quot;id&quot;:&quot;&quot;,&quot;size&quot;:&quot;&quot;},&quot;wdt_bg_image_tablet_extra&quot;:{&quot;url&quot;:&quot;&quot;,&quot;id&quot;:&quot;&quot;,&quot;size&quot;:&quot;&quot;},&quot;wdt_bg_image_tablet&quot;:{&quot;url&quot;:&quot;&quot;,&quot;id&quot;:&quot;&quot;,&quot;size&quot;:&quot;&quot;},&quot;wdt_bg_image_mobile_extra&quot;:{&quot;url&quot;:&quot;&quot;,&quot;id&quot;:&quot;&quot;,&quot;size&quot;:&quot;&quot;},&quot;wdt_bg_image_mobile&quot;:{&quot;url&quot;:&quot;&quot;,&quot;id&quot;:&quot;&quot;,&quot;size&quot;:&quot;&quot;},&quot;wdt_bg_position&quot;:&quot;center center&quot;,&quot;wdt_animation_effect&quot;:&quot;none&quot;}\">\n\t\t\t\t\t\t<div class=\"elementor-container elementor-column-gap-no\">\n\t\t\t\t\t<div class=\"elementor-column elementor-col-100 elementor-top-column elementor-element elementor-element-cef3df2\" data-id=\"cef3df2\" data-element_type=\"column\">\n\t\t\t<div class=\"elementor-widget-wrap elementor-element-populated\">\n\t\t\t\t\t\t<div class=\"elementor-element elementor-element-459da02 elementor-widget elementor-widget-image\" data-id=\"459da02\" data-element_type=\"widget\" data-settings=\"{&quot;wdt_animation_effect&quot;:&quot;none&quot;}\" data-widget_type=\"image.default\">\n\t\t\t\t<div class=\"elementor-widget-container\">\n\t\t\t\t\t\t\t\t\t\t\t\t\t\t\t<img fetchpriority=\"high\" decoding=\"async\" width=\"1920\" height=\"720\" src=\"https:\/\/dreamlandsvacation.com\/wp-content\/uploads\/2023\/09\/banban1.jpg\" class=\"attachment-full size-full wp-image-2290\" alt=\"\" srcset=\"https:\/\/dreamlandsvacation.com\/wp-content\/uploads\/2023\/09\/banban1.jpg 1920w, https:\/\/dreamlandsvacation.com\/wp-content\/uploads\/2023\/09\/banban1-300x113.jpg 300w, https:\/\/dreamlandsvacation.com\/wp-content\/uploads\/2023\/09\/banban1-1024x384.jpg 1024w, https:\/\/dreamlandsvacation.com\/wp-content\/uploads\/2023\/09\/banban1-768x288.jpg 768w, https:\/\/dreamlandsvacation.com\/wp-content\/uploads\/2023\/09\/banban1-1536x576.jpg 1536w, https:\/\/dreamlandsvacation.com\/wp-content\/uploads\/2023\/09\/banban1-18x7.jpg 18w, https:\/\/dreamlandsvacation.com\/wp-content\/uploads\/2023\/09\/banban1-1000x375.jpg 1000w\" sizes=\"(max-width: 1920px) 100vw, 1920px\" \/>\t\t\t\t\t\t\t\t\t\t\t\t\t\t\t<\/div>\n\t\t\t\t<\/div>\n\t\t\t\t\t<\/div>\n\t\t<\/div>\n\t\t\t\t\t<\/div>\n\t\t<\/section>\n\t\t\t\t<section class=\"elementor-section elementor-top-section elementor-element elementor-element-df0cfbe elementor-section-full_width elementor-section-content-middle elementor-section-height-default elementor-section-height-default\" data-id=\"df0cfbe\" data-element_type=\"section\" data-settings=\"{&quot;background_background&quot;:&quot;classic&quot;,&quot;wdt_bg_image&quot;:{&quot;url&quot;:&quot;&quot;,&quot;id&quot;:&quot;&quot;,&quot;size&quot;:&quot;&quot;},&quot;wdt_bg_image_laptop&quot;:{&quot;url&quot;:&quot;&quot;,&quot;id&quot;:&quot;&quot;,&quot;size&quot;:&quot;&quot;},&quot;wdt_bg_image_tablet_extra&quot;:{&quot;url&quot;:&quot;&quot;,&quot;id&quot;:&quot;&quot;,&quot;size&quot;:&quot;&quot;},&quot;wdt_bg_image_tablet&quot;:{&quot;url&quot;:&quot;&quot;,&quot;id&quot;:&quot;&quot;,&quot;size&quot;:&quot;&quot;},&quot;wdt_bg_image_mobile_extra&quot;:{&quot;url&quot;:&quot;&quot;,&quot;id&quot;:&quot;&quot;,&quot;size&quot;:&quot;&quot;},&quot;wdt_bg_image_mobile&quot;:{&quot;url&quot;:&quot;&quot;,&quot;id&quot;:&quot;&quot;,&quot;size&quot;:&quot;&quot;},&quot;wdt_bg_position&quot;:&quot;center center&quot;,&quot;wdt_animation_effect&quot;:&quot;none&quot;}\">\n\t\t\t\t\t\t<div class=\"elementor-container elementor-column-gap-default\">\n\t\t\t\t\t<div class=\"elementor-column elementor-col-100 elementor-top-column elementor-element elementor-element-7a0bd99\" data-id=\"7a0bd99\" data-element_type=\"column\">\n\t\t\t<div class=\"elementor-widget-wrap elementor-element-populated\">\n\t\t\t\t\t\t<div class=\"elementor-element elementor-element-677a078 elementor-widget__width-inherit elementor-invisible elementor-widget elementor-widget-text-editor\" data-id=\"677a078\" data-element_type=\"widget\" data-settings=\"{&quot;_animation&quot;:&quot;fadeInDown&quot;,&quot;wdt_animation_effect&quot;:&quot;none&quot;}\" data-widget_type=\"text-editor.default\">\n\t\t\t\t<div class=\"elementor-widget-container\">\n\t\t\t\t\t\t\t\t\t<p style=\"text-align: center;\"><span style=\"font-family: one-crayon;\">Tarifas 2024<\/span><\/p>\t\t\t\t\t\t\t\t<\/div>\n\t\t\t\t<\/div>\n\t\t\t\t\t<\/div>\n\t\t<\/div>\n\t\t\t\t\t<\/div>\n\t\t<\/section>\n\t\t\t\t<section class=\"elementor-section elementor-top-section elementor-element elementor-element-88e62b3 elementor-section-full_width elementor-section-height-default elementor-section-height-default elementor-invisible\" data-id=\"88e62b3\" data-element_type=\"section\" data-settings=\"{&quot;background_background&quot;:&quot;classic&quot;,&quot;animation&quot;:&quot;fadeInLeft&quot;,&quot;wdt_bg_image&quot;:{&quot;url&quot;:&quot;&quot;,&quot;id&quot;:&quot;&quot;,&quot;size&quot;:&quot;&quot;},&quot;wdt_bg_image_laptop&quot;:{&quot;url&quot;:&quot;&quot;,&quot;id&quot;:&quot;&quot;,&quot;size&quot;:&quot;&quot;},&quot;wdt_bg_image_tablet_extra&quot;:{&quot;url&quot;:&quot;&quot;,&quot;id&quot;:&quot;&quot;,&quot;size&quot;:&quot;&quot;},&quot;wdt_bg_image_tablet&quot;:{&quot;url&quot;:&quot;&quot;,&quot;id&quot;:&quot;&quot;,&quot;size&quot;:&quot;&quot;},&quot;wdt_bg_image_mobile_extra&quot;:{&quot;url&quot;:&quot;&quot;,&quot;id&quot;:&quot;&quot;,&quot;size&quot;:&quot;&quot;},&quot;wdt_bg_image_mobile&quot;:{&quot;url&quot;:&quot;&quot;,&quot;id&quot;:&quot;&quot;,&quot;size&quot;:&quot;&quot;},&quot;wdt_bg_position&quot;:&quot;center center&quot;,&quot;wdt_animation_effect&quot;:&quot;none&quot;}\">\n\t\t\t\t\t\t<div class=\"elementor-container elementor-column-gap-default\">\n\t\t\t\t\t<div class=\"elementor-column elementor-col-100 elementor-top-column elementor-element elementor-element-deb98a4\" data-id=\"deb98a4\" data-element_type=\"column\">\n\t\t\t<div class=\"elementor-widget-wrap elementor-element-populated\">\n\t\t\t\t\t\t<div class=\"elementor-element elementor-element-a31edbe elementor-invisible elementor-widget elementor-widget-text-editor\" data-id=\"a31edbe\" data-element_type=\"widget\" data-settings=\"{&quot;_animation&quot;:&quot;fadeInRight&quot;,&quot;wdt_animation_effect&quot;:&quot;none&quot;}\" data-widget_type=\"text-editor.default\">\n\t\t\t\t<div class=\"elementor-widget-container\">\n\t\t\t\t\t\t\t\t\t<p style=\"text-align: center;\">Queremos contarte que ya est\u00e1n disponibles las tarifas 2024 para reservar tus pr\u00f3ximas vacaciones <br \/>y hacer tus sue\u00f1os realidad, emprendiendo una m\u00e1gica aventura en los parques de Disneyland California.<\/p>\t\t\t\t\t\t\t\t<\/div>\n\t\t\t\t<\/div>\n\t\t\t\t\t<\/div>\n\t\t<\/div>\n\t\t\t\t\t<\/div>\n\t\t<\/section>\n\t\t\t\t<section class=\"elementor-section elementor-top-section elementor-element elementor-element-22080cf elementor-section-full_width elementor-section-height-default elementor-section-height-default elementor-invisible\" data-id=\"22080cf\" data-element_type=\"section\" data-settings=\"{&quot;animation&quot;:&quot;fadeInUp&quot;,&quot;wdt_bg_image&quot;:{&quot;url&quot;:&quot;&quot;,&quot;id&quot;:&quot;&quot;,&quot;size&quot;:&quot;&quot;},&quot;wdt_bg_image_laptop&quot;:{&quot;url&quot;:&quot;&quot;,&quot;id&quot;:&quot;&quot;,&quot;size&quot;:&quot;&quot;},&quot;wdt_bg_image_tablet_extra&quot;:{&quot;url&quot;:&quot;&quot;,&quot;id&quot;:&quot;&quot;,&quot;size&quot;:&quot;&quot;},&quot;wdt_bg_image_tablet&quot;:{&quot;url&quot;:&quot;&quot;,&quot;id&quot;:&quot;&quot;,&quot;size&quot;:&quot;&quot;},&quot;wdt_bg_image_mobile_extra&quot;:{&quot;url&quot;:&quot;&quot;,&quot;id&quot;:&quot;&quot;,&quot;size&quot;:&quot;&quot;},&quot;wdt_bg_image_mobile&quot;:{&quot;url&quot;:&quot;&quot;,&quot;id&quot;:&quot;&quot;,&quot;size&quot;:&quot;&quot;},&quot;wdt_bg_position&quot;:&quot;center center&quot;,&quot;wdt_animation_effect&quot;:&quot;none&quot;}\">\n\t\t\t\t\t\t<div class=\"elementor-container elementor-column-gap-default\">\n\t\t\t\t\t<div class=\"elementor-column elementor-col-100 elementor-top-column elementor-element elementor-element-bfb9db9\" data-id=\"bfb9db9\" data-element_type=\"column\">\n\t\t\t<div class=\"elementor-widget-wrap elementor-element-populated\">\n\t\t\t\t\t\t<div class=\"elementor-element elementor-element-f0cd2cd elementor-invisible elementor-widget elementor-widget-image\" data-id=\"f0cd2cd\" data-element_type=\"widget\" data-settings=\"{&quot;_animation&quot;:&quot;fadeInUp&quot;,&quot;wdt_animation_effect&quot;:&quot;none&quot;}\" data-widget_type=\"image.default\">\n\t\t\t\t<div class=\"elementor-widget-container\">\n\t\t\t\t\t\t\t\t\t\t\t\t\t\t\t<img decoding=\"async\" width=\"1920\" height=\"720\" src=\"https:\/\/dreamlandsvacation.com\/wp-content\/uploads\/2024\/05\/bannersweb-copia.jpg\" class=\"attachment-full size-full wp-image-4132\" alt=\"\" srcset=\"https:\/\/dreamlandsvacation.com\/wp-content\/uploads\/2024\/05\/bannersweb-copia.jpg 1920w, https:\/\/dreamlandsvacation.com\/wp-content\/uploads\/2024\/05\/bannersweb-copia-300x113.jpg 300w, https:\/\/dreamlandsvacation.com\/wp-content\/uploads\/2024\/05\/bannersweb-copia-1024x384.jpg 1024w, https:\/\/dreamlandsvacation.com\/wp-content\/uploads\/2024\/05\/bannersweb-copia-768x288.jpg 768w, https:\/\/dreamlandsvacation.com\/wp-content\/uploads\/2024\/05\/bannersweb-copia-1536x576.jpg 1536w, https:\/\/dreamlandsvacation.com\/wp-content\/uploads\/2024\/05\/bannersweb-copia-18x7.jpg 18w, https:\/\/dreamlandsvacation.com\/wp-content\/uploads\/2024\/05\/bannersweb-copia-1000x375.jpg 1000w\" sizes=\"(max-width: 1920px) 100vw, 1920px\" \/>\t\t\t\t\t\t\t\t\t\t\t\t\t\t\t<\/div>\n\t\t\t\t<\/div>\n\t\t\t\t\t<\/div>\n\t\t<\/div>\n\t\t\t\t\t<\/div>\n\t\t<\/section>\n\t\t\t\t<section class=\"elementor-section elementor-top-section elementor-element elementor-element-ff6f764 elementor-section-full_width elementor-section-height-default elementor-section-height-default\" data-id=\"ff6f764\" data-element_type=\"section\" data-settings=\"{&quot;background_background&quot;:&quot;classic&quot;,&quot;wdt_bg_image&quot;:{&quot;url&quot;:&quot;&quot;,&quot;id&quot;:&quot;&quot;,&quot;size&quot;:&quot;&quot;},&quot;wdt_bg_image_laptop&quot;:{&quot;url&quot;:&quot;&quot;,&quot;id&quot;:&quot;&quot;,&quot;size&quot;:&quot;&quot;},&quot;wdt_bg_image_tablet_extra&quot;:{&quot;url&quot;:&quot;&quot;,&quot;id&quot;:&quot;&quot;,&quot;size&quot;:&quot;&quot;},&quot;wdt_bg_image_tablet&quot;:{&quot;url&quot;:&quot;&quot;,&quot;id&quot;:&quot;&quot;,&quot;size&quot;:&quot;&quot;},&quot;wdt_bg_image_mobile_extra&quot;:{&quot;url&quot;:&quot;&quot;,&quot;id&quot;:&quot;&quot;,&quot;size&quot;:&quot;&quot;},&quot;wdt_bg_image_mobile&quot;:{&quot;url&quot;:&quot;&quot;,&quot;id&quot;:&quot;&quot;,&quot;size&quot;:&quot;&quot;},&quot;wdt_bg_position&quot;:&quot;center center&quot;,&quot;wdt_animation_effect&quot;:&quot;none&quot;}\">\n\t\t\t\t\t\t<div class=\"elementor-container elementor-column-gap-default\">\n\t\t\t\t\t<div class=\"elementor-column elementor-col-100 elementor-top-column elementor-element elementor-element-4b0e980\" data-id=\"4b0e980\" data-element_type=\"column\">\n\t\t\t<div class=\"elementor-widget-wrap elementor-element-populated\">\n\t\t\t\t\t\t<div class=\"elementor-element elementor-element-1e2a2b5 elementor-widget elementor-widget-text-editor\" data-id=\"1e2a2b5\" data-element_type=\"widget\" data-settings=\"{&quot;wdt_animation_effect&quot;:&quot;none&quot;}\" data-widget_type=\"text-editor.default\">\n\t\t\t\t<div class=\"elementor-widget-container\">\n\t\t\t\t\t\t\t\t\t<p style=\"text-align: center;\">Un destino incre\u00edble que cuenta con tres hoteles tem\u00e1ticos y 2 parques que sonDisneyland Park y California Adventure,<br \/>cargados de emoci\u00f3n y de tus personajes favoritos, con atracciones, espect\u00e1culos y restaurantes \u00fanicos.<\/p>\t\t\t\t\t\t\t\t<\/div>\n\t\t\t\t<\/div>\n\t\t\t\t\t<\/div>\n\t\t<\/div>\n\t\t\t\t\t<\/div>\n\t\t<\/section>\n\t\t\t\t<section class=\"elementor-section elementor-top-section elementor-element elementor-element-4d33dd7 elementor-section-full_width elementor-section-height-default elementor-section-height-default elementor-invisible\" data-id=\"4d33dd7\" data-element_type=\"section\" data-settings=\"{&quot;background_background&quot;:&quot;classic&quot;,&quot;animation&quot;:&quot;fadeInLeft&quot;,&quot;wdt_bg_image&quot;:{&quot;url&quot;:&quot;&quot;,&quot;id&quot;:&quot;&quot;,&quot;size&quot;:&quot;&quot;},&quot;wdt_bg_image_laptop&quot;:{&quot;url&quot;:&quot;&quot;,&quot;id&quot;:&quot;&quot;,&quot;size&quot;:&quot;&quot;},&quot;wdt_bg_image_tablet_extra&quot;:{&quot;url&quot;:&quot;&quot;,&quot;id&quot;:&quot;&quot;,&quot;size&quot;:&quot;&quot;},&quot;wdt_bg_image_tablet&quot;:{&quot;url&quot;:&quot;&quot;,&quot;id&quot;:&quot;&quot;,&quot;size&quot;:&quot;&quot;},&quot;wdt_bg_image_mobile_extra&quot;:{&quot;url&quot;:&quot;&quot;,&quot;id&quot;:&quot;&quot;,&quot;size&quot;:&quot;&quot;},&quot;wdt_bg_image_mobile&quot;:{&quot;url&quot;:&quot;&quot;,&quot;id&quot;:&quot;&quot;,&quot;size&quot;:&quot;&quot;},&quot;wdt_bg_position&quot;:&quot;center center&quot;,&quot;wdt_animation_effect&quot;:&quot;none&quot;}\">\n\t\t\t\t\t\t<div class=\"elementor-container elementor-column-gap-default\">\n\t\t\t\t\t<div class=\"elementor-column elementor-col-100 elementor-top-column elementor-element elementor-element-1698116\" data-id=\"1698116\" data-element_type=\"column\">\n\t\t\t<div class=\"elementor-widget-wrap elementor-element-populated\">\n\t\t\t\t\t\t<div class=\"elementor-element elementor-element-4597c03 elementor-invisible elementor-widget elementor-widget-text-editor\" data-id=\"4597c03\" data-element_type=\"widget\" data-settings=\"{&quot;_animation&quot;:&quot;fadeInRight&quot;,&quot;wdt_animation_effect&quot;:&quot;none&quot;}\" data-widget_type=\"text-editor.default\">\n\t\t\t\t<div class=\"elementor-widget-container\">\n\t\t\t\t\t\t\t\t\t<p style=\"text-align: center;\">Reserv\u00e1 tu paquete vacacional hoy con un monto m\u00ednimo y luego podes hacer pagos parciales hasta 30 d\u00edas antes de la fecha de tu viaje.<\/p>\t\t\t\t\t\t\t\t<\/div>\n\t\t\t\t<\/div>\n\t\t\t\t\t<\/div>\n\t\t<\/div>\n\t\t\t\t\t<\/div>\n\t\t<\/section>\n\t\t\t\t<section class=\"elementor-section elementor-top-section elementor-element elementor-element-4a8e2d0 elementor-section-full_width elementor-section-height-default elementor-section-height-default elementor-invisible\" data-id=\"4a8e2d0\" data-element_type=\"section\" data-settings=\"{&quot;background_background&quot;:&quot;classic&quot;,&quot;animation&quot;:&quot;fadeInRight&quot;,&quot;wdt_bg_image&quot;:{&quot;url&quot;:&quot;&quot;,&quot;id&quot;:&quot;&quot;,&quot;size&quot;:&quot;&quot;},&quot;wdt_bg_image_laptop&quot;:{&quot;url&quot;:&quot;&quot;,&quot;id&quot;:&quot;&quot;,&quot;size&quot;:&quot;&quot;},&quot;wdt_bg_image_tablet_extra&quot;:{&quot;url&quot;:&quot;&quot;,&quot;id&quot;:&quot;&quot;,&quot;size&quot;:&quot;&quot;},&quot;wdt_bg_image_tablet&quot;:{&quot;url&quot;:&quot;&quot;,&quot;id&quot;:&quot;&quot;,&quot;size&quot;:&quot;&quot;},&quot;wdt_bg_image_mobile_extra&quot;:{&quot;url&quot;:&quot;&quot;,&quot;id&quot;:&quot;&quot;,&quot;size&quot;:&quot;&quot;},&quot;wdt_bg_image_mobile&quot;:{&quot;url&quot;:&quot;&quot;,&quot;id&quot;:&quot;&quot;,&quot;size&quot;:&quot;&quot;},&quot;wdt_bg_position&quot;:&quot;center center&quot;,&quot;wdt_animation_effect&quot;:&quot;none&quot;}\">\n\t\t\t\t\t\t<div class=\"elementor-container elementor-column-gap-default\">\n\t\t\t\t\t<div class=\"elementor-column elementor-col-100 elementor-top-column elementor-element elementor-element-51b13d2\" data-id=\"51b13d2\" data-element_type=\"column\">\n\t\t\t<div class=\"elementor-widget-wrap elementor-element-populated\">\n\t\t\t\t\t\t<div class=\"elementor-element elementor-element-38f2e84 elementor-align-center elementor-widget elementor-widget-button\" data-id=\"38f2e84\" data-element_type=\"widget\" data-settings=\"{&quot;wdt_animation_effect&quot;:&quot;none&quot;}\" data-widget_type=\"button.default\">\n\t\t\t\t<div class=\"elementor-widget-container\">\n\t\t\t\t\t\t\t\t\t<div class=\"elementor-button-wrapper\">\n\t\t\t\t\t<a class=\"elementor-button elementor-button-link elementor-size-lg\" href=\"https:\/\/dreamlandsvacation.com\/en\/contact\/\">\n\t\t\t\t\t\t<span class=\"elementor-button-content-wrapper\">\n\t\t\t\t\t\t\t\t\t<span class=\"elementor-button-text\">CONTACTANOS<\/span>\n\t\t\t\t\t<\/span>\n\t\t\t\t\t<\/a>\n\t\t\t\t<\/div>\n\t\t\t\t\t\t\t\t<\/div>\n\t\t\t\t<\/div>\n\t\t\t\t\t<\/div>\n\t\t<\/div>\n\t\t\t\t\t<\/div>\n\t\t<\/section>\n\t\t\t\t<\/div>","protected":false},"excerpt":{"rendered":"<p>Tarifas 2024 Queremos contarte que ya est\u00e1n disponibles las tarifas 2024 para reservar tus pr\u00f3ximas vacaciones y hacer tus sue\u00f1os realidad, emprendiendo una m\u00e1gica aventura en los parques de Disneyland California. Un destino incre\u00edble que cuenta con tres hoteles tem\u00e1ticos y 2 parques que sonDisneyland Park y California Adventure,cargados de emoci\u00f3n y de tus personajes [&hellip;]<\/p>","protected":false},"author":1,"featured_media":0,"parent":0,"menu_order":0,"comment_status":"closed","ping_status":"closed","template":"elementor_header_footer","meta":{"footnotes":""},"class_list":["post-4126","page","type-page","status-publish","hentry"],"_links":{"self":[{"href":"https:\/\/dreamlandsvacation.com\/en\/wp-json\/wp\/v2\/pages\/4126","targetHints":{"allow":["GET"]}}],"collection":[{"href":"https:\/\/dreamlandsvacation.com\/en\/wp-json\/wp\/v2\/pages"}],"about":[{"href":"https:\/\/dreamlandsvacation.com\/en\/wp-json\/wp\/v2\/types\/page"}],"author":[{"embeddable":true,"href":"https:\/\/dreamlandsvacation.com\/en\/wp-json\/wp\/v2\/users\/1"}],"replies":[{"embeddable":true,"href":"https:\/\/dreamlandsvacation.com\/en\/wp-json\/wp\/v2\/comments?post=4126"}],"version-history":[{"count":7,"href":"https:\/\/dreamlandsvacation.com\/en\/wp-json\/wp\/v2\/pages\/4126\/revisions"}],"predecessor-version":[{"id":4149,"href":"https:\/\/dreamlandsvacation.com\/en\/wp-json\/wp\/v2\/pages\/4126\/revisions\/4149"}],"wp:attachment":[{"href":"https:\/\/dreamlandsvacation.com\/en\/wp-json\/wp\/v2\/media?parent=4126"}],"curies":[{"name":"wp","href":"https:\/\/api.w.org\/{rel}","templated":true}]}}